{"id":4202,"date":"2023-11-14T10:42:32","date_gmt":"2023-11-14T10:42:32","guid":{"rendered":"https:\/\/dan-bud.eu\/?page_id=4202"},"modified":"2023-11-17T17:56:17","modified_gmt":"2023-11-17T17:56:17","slug":"realizacje","status":"publish","type":"page","link":"https:\/\/dan-bud.eu\/index.php\/realizacje\/","title":{"rendered":"Realizacje"},"content":{"rendered":"\t\t<div data-elementor-type=\"wp-page\" data-elementor-id=\"4202\" class=\"elementor elementor-4202\">\n\t\t\t\t\t\t<section class=\"elementor-section elementor-top-section elementor-element elementor-element-6747c0d3 elementor-section-stretched elementor-section-full_width elementor-section-height-min-height elementor-section-height-default elementor-section-items-middle\" data-id=\"6747c0d3\" data-element_type=\"section\" data-settings=\"{&quot;stretch_section&quot;:&quot;section-stretched&quot;,&quot;background_background&quot;:&quot;classic&quot;}\">\n\t\t\t\t\t\t\t<div class=\"elementor-background-overlay\"><\/div>\n\t\t\t\t\t\t\t<div class=\"elementor-container elementor-column-gap-no\">\n\t\t\t\t\t<div class=\"elementor-column elementor-col-100 elementor-top-column elementor-element elementor-element-ef6156b\" data-id=\"ef6156b\" data-element_type=\"column\">\n\t\t\t<div class=\"elementor-widget-wrap\">\n\t\t\t\t\t\t\t<\/div>\n\t\t<\/div>\n\t\t\t\t\t<\/div>\n\t\t<\/section>\n\t\t\t\t<section class=\"elementor-section elementor-top-section elementor-element elementor-element-615eb25 elementor-section-stretched elementor-section-boxed elementor-section-height-default elementor-section-height-default\" data-id=\"615eb25\" data-element_type=\"section\" data-settings=\"{&quot;stretch_section&quot;:&quot;section-stretched&quot;}\">\n\t\t\t\t\t\t<div class=\"elementor-container elementor-column-gap-extended\">\n\t\t\t\t\t<div class=\"elementor-column elementor-col-50 elementor-top-column elementor-element elementor-element-45b1903\" data-id=\"45b1903\" data-element_type=\"column\">\n\t\t\t<div class=\"elementor-widget-wrap elementor-element-populated\">\n\t\t\t\t\t\t<div class=\"elementor-element elementor-element-33b0909 elementor-widget__width-initial elementor-widget-tablet__width-initial elementor-invisible elementor-widget elementor-widget-apus_element_banner\" data-id=\"33b0909\" data-element_type=\"widget\" data-settings=\"{&quot;_animation&quot;:&quot;fadeInLeft&quot;}\" data-widget_type=\"apus_element_banner.default\">\n\t\t\t\t<div class=\"elementor-widget-container\">\n\t\t\t        <div class=\"widget-banner  style2\">\n                            <div class=\"banner-image-bg\" style=\"background-image:url(https:\/\/dan-bud.eu\/wp-content\/uploads\/2023\/11\/realizacje-dan-bud-1.jpg)\"><\/div>                   \n            \n            <div class=\"widget-banner-inner \">\n                                <div class=\"widget-banner-content\">\n                                    <\/div>\n                            <\/div>\n        <\/div>\n        \t\t<\/div>\n\t\t\t\t<\/div>\n\t\t\t\t<div class=\"elementor-element elementor-element-121d381 elementor-widget__width-initial elementor-widget-tablet__width-initial elementor-invisible elementor-widget elementor-widget-apus_element_banner\" data-id=\"121d381\" data-element_type=\"widget\" data-settings=\"{&quot;_animation&quot;:&quot;fadeInLeft&quot;}\" data-widget_type=\"apus_element_banner.default\">\n\t\t\t\t<div class=\"elementor-widget-container\">\n\t\t\t        <div class=\"widget-banner  style2\">\n                            <div class=\"banner-image-bg\" style=\"background-image:url(https:\/\/dan-bud.eu\/wp-content\/uploads\/2023\/11\/realizacje-danbud.jpg)\"><\/div>                   \n            \n            <div class=\"widget-banner-inner \">\n                                <div class=\"widget-banner-content\">\n                                    <\/div>\n                            <\/div>\n        <\/div>\n        \t\t<\/div>\n\t\t\t\t<\/div>\n\t\t\t\t\t<\/div>\n\t\t<\/div>\n\t\t\t\t<div class=\"elementor-column elementor-col-50 elementor-top-column elementor-element elementor-element-b22907d\" data-id=\"b22907d\" data-element_type=\"column\">\n\t\t\t<div class=\"elementor-widget-wrap elementor-element-populated\">\n\t\t\t\t\t\t<div class=\"elementor-element elementor-element-71bbb14 elementor-invisible elementor-widget elementor-widget-heading\" data-id=\"71bbb14\" data-element_type=\"widget\" data-settings=\"{&quot;_animation&quot;:&quot;fadeIn&quot;}\" data-widget_type=\"heading.default\">\n\t\t\t\t<div class=\"elementor-widget-container\">\n\t\t\t<style>\/*! elementor - v3.23.0 - 15-07-2024 *\/\n.elementor-heading-title{padding:0;margin:0;line-height:1}.elementor-widget-heading .elementor-heading-title[class*=elementor-size-]>a{color:inherit;font-size:inherit;line-height:inherit}.elementor-widget-heading .elementor-heading-title.elementor-size-small{font-size:15px}.elementor-widget-heading .elementor-heading-title.elementor-size-medium{font-size:19px}.elementor-widget-heading .elementor-heading-title.elementor-size-large{font-size:29px}.elementor-widget-heading .elementor-heading-title.elementor-size-xl{font-size:39px}.elementor-widget-heading .elementor-heading-title.elementor-size-xxl{font-size:59px}<\/style><h3 class=\"elementor-heading-title elementor-size-default\">Realizacje<\/h3>\t\t<\/div>\n\t\t\t\t<\/div>\n\t\t\t\t<div class=\"elementor-element elementor-element-1b9cb7d elementor-invisible elementor-widget elementor-widget-heading\" data-id=\"1b9cb7d\" data-element_type=\"widget\" data-settings=\"{&quot;_animation&quot;:&quot;fadeInLeft&quot;}\" data-widget_type=\"heading.default\">\n\t\t\t\t<div class=\"elementor-widget-container\">\n\t\t\t<p class=\"elementor-heading-title elementor-size-default\">W naszym portfolio znajduj\u0105 si\u0119 realizacje inwestycji budowlanych zar\u00f3wno od os\u00f3b fizycznych, jak i od instytucji. Poni\u017cej przedstawiamy wg nas najbardziej interesuj\u0105ce oraz z\u0142o\u017cone inwestycje.\nRealizujemy zlecenia na terenie wojew\u00f3dztwa pomorskiego oraz warmi\u0144sko-mazurskiego. Posiadamy niezb\u0119dn\u0105 wiedz\u0119, kompetencje oraz sprz\u0119t do w\u0142a\u015bciwego prowadzenia zlece\u0144 budowlanych. <br><br>\nNasza specjalizacja to budowa stan\u00f3w surowych otwartych.<\/p>\t\t<\/div>\n\t\t\t\t<\/div>\n\t\t\t\t\t<\/div>\n\t\t<\/div>\n\t\t\t\t\t<\/div>\n\t\t<\/section>\n\t\t<div class=\"elementor-element elementor-element-7147a3e e-flex e-con-boxed e-con e-parent\" data-id=\"7147a3e\" data-element_type=\"container\">\n\t\t\t\t\t<div class=\"e-con-inner\">\n\t\t\t\t<div class=\"elementor-element elementor-element-ec82458 elementor-invisible elementor-widget elementor-widget-apus_element_features_box\" data-id=\"ec82458\" data-element_type=\"widget\" data-settings=\"{&quot;_animation&quot;:&quot;fadeInDown&quot;}\" data-widget_type=\"apus_element_features_box.default\">\n\t\t\t\t<div class=\"elementor-widget-container\">\n\t\t\t            <div class=\"widget-features-box  center style2\">\n\n                    <div class=\"row\">\n                                                        <div class=\"col-xs-12 col-sm-6 col-md-4 col-lg-4\">\n                                    <div class=\"item\">\n                                    \n                                    <div class=\"item-inner\">\n\n                                    <div class=\"features-box-image img\"><img fetchpriority=\"high\" decoding=\"async\" width=\"1923\" height=\"1080\" src=\"https:\/\/dan-bud.eu\/wp-content\/uploads\/2023\/11\/20180604-DJI_0635-2.jpg\" class=\"attachment-full size-full wp-image-4214\" alt=\"\" srcset=\"https:\/\/dan-bud.eu\/wp-content\/uploads\/2023\/11\/20180604-DJI_0635-2.jpg 1923w, https:\/\/dan-bud.eu\/wp-content\/uploads\/2023\/11\/20180604-DJI_0635-2-300x168.jpg 300w, https:\/\/dan-bud.eu\/wp-content\/uploads\/2023\/11\/20180604-DJI_0635-2-1024x575.jpg 1024w, https:\/\/dan-bud.eu\/wp-content\/uploads\/2023\/11\/20180604-DJI_0635-2-768x431.jpg 768w, https:\/\/dan-bud.eu\/wp-content\/uploads\/2023\/11\/20180604-DJI_0635-2-1536x863.jpg 1536w, https:\/\/dan-bud.eu\/wp-content\/uploads\/2023\/11\/20180604-DJI_0635-2-460x258.jpg 460w, https:\/\/dan-bud.eu\/wp-content\/uploads\/2023\/11\/20180604-DJI_0635-2-600x337.jpg 600w\" sizes=\"(max-width: 1923px) 100vw, 1923px\" \/><\/div><div class=\"features-box-content\"><h3 class=\"title\">Hygge Apartamenty - Junoszyno<\/h3><div class=\"description\">2018 rok<\/div><\/div>\n                                <\/div>\n\n                            <\/div>\n\n                            <\/div>\n                                                        <div class=\"col-xs-12 col-sm-6 col-md-4 col-lg-4\">\n                                    <div class=\"item\">\n                                    \n                                    <div class=\"item-inner\">\n\n                                    <div class=\"features-box-image img\"><img decoding=\"async\" width=\"700\" height=\"525\" src=\"https:\/\/dan-bud.eu\/wp-content\/uploads\/2023\/11\/realizacje-dan-bud-krynica-morska.jpg\" class=\"attachment-full size-full wp-image-4216\" alt=\"\" srcset=\"https:\/\/dan-bud.eu\/wp-content\/uploads\/2023\/11\/realizacje-dan-bud-krynica-morska.jpg 700w, https:\/\/dan-bud.eu\/wp-content\/uploads\/2023\/11\/realizacje-dan-bud-krynica-morska-300x225.jpg 300w, https:\/\/dan-bud.eu\/wp-content\/uploads\/2023\/11\/realizacje-dan-bud-krynica-morska-460x345.jpg 460w, https:\/\/dan-bud.eu\/wp-content\/uploads\/2023\/11\/realizacje-dan-bud-krynica-morska-600x450.jpg 600w\" sizes=\"(max-width: 700px) 100vw, 700px\" \/><\/div><div class=\"features-box-content\"><h3 class=\"title\">Polo Market - Krynica Morska<\/h3><div class=\"description\">2020 rok<\/div><\/div>\n                                <\/div>\n\n                            <\/div>\n\n                            <\/div>\n                                                        <div class=\"col-xs-12 col-sm-6 col-md-4 col-lg-4\">\n                                    <div class=\"item\">\n                                    \n                                    <div class=\"item-inner\">\n\n                                    <div class=\"features-box-image img\"><img decoding=\"async\" width=\"680\" height=\"510\" src=\"https:\/\/dan-bud.eu\/wp-content\/uploads\/2023\/11\/medyk-jantar-53474.jpg\" class=\"attachment-full size-full wp-image-4484\" alt=\"\" srcset=\"https:\/\/dan-bud.eu\/wp-content\/uploads\/2023\/11\/medyk-jantar-53474.jpg 680w, https:\/\/dan-bud.eu\/wp-content\/uploads\/2023\/11\/medyk-jantar-53474-300x225.jpg 300w, https:\/\/dan-bud.eu\/wp-content\/uploads\/2023\/11\/medyk-jantar-53474-460x345.jpg 460w, https:\/\/dan-bud.eu\/wp-content\/uploads\/2023\/11\/medyk-jantar-53474-600x450.jpg 600w\" sizes=\"(max-width: 680px) 100vw, 680px\" \/><\/div><div class=\"features-box-content\"><h3 class=\"title\">OW Medyk - Jantar<\/h3><div class=\"description\">2012 rok<\/div><\/div>\n                                <\/div>\n\n                            <\/div>\n\n                            <\/div>\n                                                        <div class=\"col-xs-12 col-sm-6 col-md-4 col-lg-4\">\n                                    <div class=\"item\">\n                                    \n                                    <div class=\"item-inner\">\n\n                                    <div class=\"features-box-image img\"><img loading=\"lazy\" decoding=\"async\" width=\"1280\" height=\"719\" src=\"https:\/\/dan-bud.eu\/wp-content\/uploads\/2023\/11\/DJI_0826-2.jpg\" class=\"attachment-full size-full wp-image-4215\" alt=\"\" srcset=\"https:\/\/dan-bud.eu\/wp-content\/uploads\/2023\/11\/DJI_0826-2.jpg 1280w, https:\/\/dan-bud.eu\/wp-content\/uploads\/2023\/11\/DJI_0826-2-300x169.jpg 300w, https:\/\/dan-bud.eu\/wp-content\/uploads\/2023\/11\/DJI_0826-2-1024x575.jpg 1024w, https:\/\/dan-bud.eu\/wp-content\/uploads\/2023\/11\/DJI_0826-2-768x431.jpg 768w, https:\/\/dan-bud.eu\/wp-content\/uploads\/2023\/11\/DJI_0826-2-460x258.jpg 460w, https:\/\/dan-bud.eu\/wp-content\/uploads\/2023\/11\/DJI_0826-2-600x337.jpg 600w\" sizes=\"(max-width: 1280px) 100vw, 1280px\" \/><\/div><div class=\"features-box-content\"><h3 class=\"title\">Hygge Domki - Junoszyno, <\/h3><div class=\"description\">2020 rok<\/div><\/div>\n                                <\/div>\n\n                            <\/div>\n\n                            <\/div>\n                                                        <div class=\"col-xs-12 col-sm-6 col-md-4 col-lg-4\">\n                                    <div class=\"item\">\n                                    \n                                    <div class=\"item-inner\">\n\n                                    <div class=\"features-box-image img\"><img loading=\"lazy\" decoding=\"async\" width=\"680\" height=\"510\" src=\"https:\/\/dan-bud.eu\/wp-content\/uploads\/2023\/11\/2020-12-03.jpg\" class=\"attachment-full size-full wp-image-4486\" alt=\"\" srcset=\"https:\/\/dan-bud.eu\/wp-content\/uploads\/2023\/11\/2020-12-03.jpg 680w, https:\/\/dan-bud.eu\/wp-content\/uploads\/2023\/11\/2020-12-03-300x225.jpg 300w, https:\/\/dan-bud.eu\/wp-content\/uploads\/2023\/11\/2020-12-03-460x345.jpg 460w, https:\/\/dan-bud.eu\/wp-content\/uploads\/2023\/11\/2020-12-03-600x450.jpg 600w\" sizes=\"(max-width: 680px) 100vw, 680px\" \/><\/div><div class=\"features-box-content\"><h3 class=\"title\">OSM Maluta - Nowy Dw\u00f3r Gda\u0144ski<\/h3><div class=\"description\">2008 rok<\/div><\/div>\n                                <\/div>\n\n                            <\/div>\n\n                            <\/div>\n                                                        <div class=\"col-xs-12 col-sm-6 col-md-4 col-lg-4\">\n                                    <div class=\"item\">\n                                    \n                                    <div class=\"item-inner\">\n\n                                    <div class=\"features-box-image img\"><img loading=\"lazy\" decoding=\"async\" width=\"680\" height=\"510\" src=\"https:\/\/dan-bud.eu\/wp-content\/uploads\/2023\/11\/dom-.jpg\" class=\"attachment-full size-full wp-image-4487\" alt=\"\" srcset=\"https:\/\/dan-bud.eu\/wp-content\/uploads\/2023\/11\/dom-.jpg 680w, https:\/\/dan-bud.eu\/wp-content\/uploads\/2023\/11\/dom--300x225.jpg 300w, https:\/\/dan-bud.eu\/wp-content\/uploads\/2023\/11\/dom--460x345.jpg 460w, https:\/\/dan-bud.eu\/wp-content\/uploads\/2023\/11\/dom--600x450.jpg 600w\" sizes=\"(max-width: 680px) 100vw, 680px\" \/><\/div><div class=\"features-box-content\"><h3 class=\"title\">Dom jednorodzinny - Jantar<\/h3><div class=\"description\">2015<\/div><\/div>\n                                <\/div>\n\n                            <\/div>\n\n                            <\/div>\n                                                        <div class=\"col-xs-12 col-sm-6 col-md-4 col-lg-4\">\n                                    <div class=\"item\">\n                                    \n                                    <div class=\"item-inner\">\n\n                                    <div class=\"features-box-image img\"><img loading=\"lazy\" decoding=\"async\" width=\"382\" height=\"510\" src=\"https:\/\/dan-bud.eu\/wp-content\/uploads\/2023\/11\/2.jpg\" class=\"attachment-full size-full wp-image-4491\" alt=\"\" srcset=\"https:\/\/dan-bud.eu\/wp-content\/uploads\/2023\/11\/2.jpg 382w, https:\/\/dan-bud.eu\/wp-content\/uploads\/2023\/11\/2-225x300.jpg 225w\" sizes=\"(max-width: 382px) 100vw, 382px\" \/><\/div><div class=\"features-box-content\"><h3 class=\"title\">Dom jednorodzinny - Sztutowo<\/h3><div class=\"description\">2016<\/div><\/div>\n                                <\/div>\n\n                            <\/div>\n\n                            <\/div>\n                                                        <div class=\"col-xs-12 col-sm-6 col-md-4 col-lg-4\">\n                                    <div class=\"item\">\n                                    \n                                    <div class=\"item-inner\">\n\n                                    <div class=\"features-box-image img\"><img loading=\"lazy\" decoding=\"async\" width=\"300\" height=\"168\" src=\"https:\/\/dan-bud.eu\/wp-content\/uploads\/2023\/11\/La-perla.jpg\" class=\"attachment-full size-full wp-image-4495\" alt=\"\" \/><\/div><div class=\"features-box-content\"><h3 class=\"title\">La Perla - Krynica Morska<\/h3><div class=\"description\">2018<\/div><\/div>\n                                <\/div>\n\n                            <\/div>\n\n                            <\/div>\n                                            <\/div>\n\n            <\/div>\n            \t\t<\/div>\n\t\t\t\t<\/div>\n\t\t\t\t\t<\/div>\n\t\t\t\t<\/div>\n\t\t\t\t<\/div>\n\t\t","protected":false},"excerpt":{"rendered":"<p>Realizacje W naszym portfolio znajduj\u0105 si\u0119 realizacje inwestycji budowlanych zar\u00f3wno od os\u00f3b fizycznych, jak i od instytucji. Poni\u017cej przedstawiamy wg nas najbardziej interesuj\u0105ce oraz z\u0142o\u017cone inwestycje. Realizujemy zlecenia na terenie wojew\u00f3dztwa pomorskiego oraz warmi\u0144sko-mazurskiego. Posiadamy niezb\u0119dn\u0105 wiedz\u0119, kompetencje oraz sprz\u0119t do w\u0142a\u015bciwego prowadzenia zlece\u0144 budowlanych. Nasza specjalizacja to budowa stan\u00f3w surowych otwartych. Hygge Apartamenty &#8211; &hellip; <br \/><a href=\"https:\/\/dan-bud.eu\/index.php\/realizacje\/\" class=\"more-link\">Continue reading <span class=\"screen-reader-text\">Realizacje<\/span><\/a><\/p>\n","protected":false},"author":1,"featured_media":0,"parent":0,"menu_order":0,"comment_status":"closed","ping_status":"closed","template":"","meta":{"_monsterinsights_skip_tracking":false,"_monsterinsights_sitenote_active":false,"_monsterinsights_sitenote_note":"","_monsterinsights_sitenote_category":0,"footnotes":""},"aioseo_notices":[],"_links":{"self":[{"href":"https:\/\/dan-bud.eu\/index.php\/wp-json\/wp\/v2\/pages\/4202"}],"collection":[{"href":"https:\/\/dan-bud.eu\/index.php\/wp-json\/wp\/v2\/pages"}],"about":[{"href":"https:\/\/dan-bud.eu\/index.php\/wp-json\/wp\/v2\/types\/page"}],"author":[{"embeddable":true,"href":"https:\/\/dan-bud.eu\/index.php\/wp-json\/wp\/v2\/users\/1"}],"replies":[{"embeddable":true,"href":"https:\/\/dan-bud.eu\/index.php\/wp-json\/wp\/v2\/comments?post=4202"}],"version-history":[{"count":17,"href":"https:\/\/dan-bud.eu\/index.php\/wp-json\/wp\/v2\/pages\/4202\/revisions"}],"predecessor-version":[{"id":4536,"href":"https:\/\/dan-bud.eu\/index.php\/wp-json\/wp\/v2\/pages\/4202\/revisions\/4536"}],"wp:attachment":[{"href":"https:\/\/dan-bud.eu\/index.php\/wp-json\/wp\/v2\/media?parent=4202"}],"curies":[{"name":"wp","href":"https:\/\/api.w.org\/{rel}","templated":true}]}}