{"id":4221,"date":"2023-11-14T11:22:34","date_gmt":"2023-11-14T11:22:34","guid":{"rendered":"https:\/\/dan-bud.eu\/?page_id=4221"},"modified":"2023-11-17T17:57:08","modified_gmt":"2023-11-17T17:57:08","slug":"uslugi-budowlane","status":"publish","type":"page","link":"https:\/\/dan-bud.eu\/index.php\/uslugi-budowlane\/","title":{"rendered":"Us\u0142ugi og\u00f3lnobudowlane"},"content":{"rendered":"\t\t<div data-elementor-type=\"wp-page\" data-elementor-id=\"4221\" class=\"elementor elementor-4221\">\n\t\t\t\t\t\t<section class=\"elementor-section elementor-top-section elementor-element elementor-element-5034545d elementor-section-stretched elementor-section-full_width elementor-section-height-min-height elementor-section-height-default elementor-section-items-middle\" data-id=\"5034545d\" data-element_type=\"section\" data-settings=\"{&quot;stretch_section&quot;:&quot;section-stretched&quot;,&quot;background_background&quot;:&quot;classic&quot;}\">\n\t\t\t\t\t\t\t<div class=\"elementor-background-overlay\"><\/div>\n\t\t\t\t\t\t\t<div class=\"elementor-container elementor-column-gap-no\">\n\t\t\t\t\t<div class=\"elementor-column elementor-col-100 elementor-top-column elementor-element elementor-element-4388ffa4\" data-id=\"4388ffa4\" data-element_type=\"column\">\n\t\t\t<div class=\"elementor-widget-wrap\">\n\t\t\t\t\t\t\t<\/div>\n\t\t<\/div>\n\t\t\t\t\t<\/div>\n\t\t<\/section>\n\t\t\t\t<section class=\"elementor-section elementor-top-section elementor-element elementor-element-abe4cd3 elementor-section-stretched elementor-section-boxed elementor-section-height-default elementor-section-height-default\" data-id=\"abe4cd3\" data-element_type=\"section\" data-settings=\"{&quot;stretch_section&quot;:&quot;section-stretched&quot;,&quot;background_background&quot;:&quot;classic&quot;}\">\n\t\t\t\t\t\t<div class=\"elementor-container elementor-column-gap-extended\">\n\t\t\t\t\t<div class=\"elementor-column elementor-col-50 elementor-top-column elementor-element elementor-element-c923c50\" data-id=\"c923c50\" data-element_type=\"column\">\n\t\t\t<div class=\"elementor-widget-wrap elementor-element-populated\">\n\t\t\t\t\t\t<div class=\"elementor-element elementor-element-7cdf7be elementor-invisible elementor-widget elementor-widget-apus_element_banner\" data-id=\"7cdf7be\" data-element_type=\"widget\" data-settings=\"{&quot;_animation&quot;:&quot;fadeIn&quot;}\" data-widget_type=\"apus_element_banner.default\">\n\t\t\t\t<div class=\"elementor-widget-container\">\n\t\t\t        <div class=\"widget-banner  style1\">\n                            <div class=\"banner-image-bg\" style=\"background-image:url(https:\/\/dan-bud.eu\/wp-content\/uploads\/2023\/11\/firma-budowlana.jpg)\"><\/div>                   \n            \n            <div class=\"widget-banner-inner \">\n                                <div class=\"widget-banner-content\">\n                                    <\/div>\n                            <\/div>\n        <\/div>\n        \t\t<\/div>\n\t\t\t\t<\/div>\n\t\t\t\t\t<\/div>\n\t\t<\/div>\n\t\t\t\t<div class=\"elementor-column elementor-col-50 elementor-top-column elementor-element elementor-element-3634412\" data-id=\"3634412\" data-element_type=\"column\">\n\t\t\t<div class=\"elementor-widget-wrap elementor-element-populated\">\n\t\t\t\t\t\t<div class=\"elementor-element elementor-element-cb4d5ed elementor-invisible elementor-widget elementor-widget-heading\" data-id=\"cb4d5ed\" data-element_type=\"widget\" data-settings=\"{&quot;_animation&quot;:&quot;fadeIn&quot;}\" data-widget_type=\"heading.default\">\n\t\t\t\t<div class=\"elementor-widget-container\">\n\t\t\t<style>\/*! elementor - v3.23.0 - 15-07-2024 *\/\n.elementor-heading-title{padding:0;margin:0;line-height:1}.elementor-widget-heading .elementor-heading-title[class*=elementor-size-]>a{color:inherit;font-size:inherit;line-height:inherit}.elementor-widget-heading .elementor-heading-title.elementor-size-small{font-size:15px}.elementor-widget-heading .elementor-heading-title.elementor-size-medium{font-size:19px}.elementor-widget-heading .elementor-heading-title.elementor-size-large{font-size:29px}.elementor-widget-heading .elementor-heading-title.elementor-size-xl{font-size:39px}.elementor-widget-heading .elementor-heading-title.elementor-size-xxl{font-size:59px}<\/style><h3 class=\"elementor-heading-title elementor-size-default\">Us\u0142ugi og\u00f3lnobudowlane<\/h3>\t\t<\/div>\n\t\t\t\t<\/div>\n\t\t\t\t<div class=\"elementor-element elementor-element-1a79e5a elementor-invisible elementor-widget elementor-widget-text-editor\" data-id=\"1a79e5a\" data-element_type=\"widget\" data-settings=\"{&quot;_animation&quot;:&quot;fadeIn&quot;}\" data-widget_type=\"text-editor.default\">\n\t\t\t\t<div class=\"elementor-widget-container\">\n\t\t\t<style>\/*! elementor - v3.23.0 - 15-07-2024 *\/\n.elementor-widget-text-editor.elementor-drop-cap-view-stacked .elementor-drop-cap{background-color:#69727d;color:#fff}.elementor-widget-text-editor.elementor-drop-cap-view-framed .elementor-drop-cap{color:#69727d;border:3px solid;background-color:transparent}.elementor-widget-text-editor:not(.elementor-drop-cap-view-default) .elementor-drop-cap{margin-top:8px}.elementor-widget-text-editor:not(.elementor-drop-cap-view-default) .elementor-drop-cap-letter{width:1em;height:1em}.elementor-widget-text-editor .elementor-drop-cap{float:left;text-align:center;line-height:1;font-size:50px}.elementor-widget-text-editor .elementor-drop-cap-letter{display:inline-block}<\/style>\t\t\t\t<p>Nasza firma wykonuje <strong>us\u0142ugi budowlane<\/strong> w zakresie prac do stanu surowego otwartego.<\/p><p>Na przestrzeni lat wykonali\u015bmy dziesi\u0105tki dom\u00f3w jednorodzinnych, letniskowych, pensjonat\u00f3w hoteli oraz budynk\u00f3w wielkopowierzchniowych&#8230;<\/p><p>Zapraszamy do zapoznania si\u0119 z zak\u0142adk\u0105 realizacje.<\/p>\t\t\t\t\t\t<\/div>\n\t\t\t\t<\/div>\n\t\t\t\t<div class=\"elementor-element elementor-element-1d017cc elementor-align-left elementor-widget elementor-widget-button\" data-id=\"1d017cc\" data-element_type=\"widget\" data-widget_type=\"button.default\">\n\t\t\t\t<div class=\"elementor-widget-container\">\n\t\t\t\t\t<div class=\"elementor-button-wrapper\">\n\t\t\t<a class=\"elementor-button elementor-button-link elementor-size-sm\" href=\"https:\/\/dan-bud.eu\/index.php\/realizacje\/\">\n\t\t\t\t\t\t<span class=\"elementor-button-content-wrapper\">\n\t\t\t\t\t\t\t\t\t<span class=\"elementor-button-text\">Realizacje<\/span>\n\t\t\t\t\t<\/span>\n\t\t\t\t\t<\/a>\n\t\t<\/div>\n\t\t\t\t<\/div>\n\t\t\t\t<\/div>\n\t\t\t\t\t<\/div>\n\t\t<\/div>\n\t\t\t\t\t<\/div>\n\t\t<\/section>\n\t\t\t\t<section class=\"elementor-section elementor-top-section elementor-element elementor-element-191ab3e elementor-section-stretched elementor-section-boxed elementor-section-height-default elementor-section-height-default\" data-id=\"191ab3e\" data-element_type=\"section\" data-settings=\"{&quot;stretch_section&quot;:&quot;section-stretched&quot;,&quot;background_background&quot;:&quot;classic&quot;}\">\n\t\t\t\t\t\t\t<div class=\"elementor-background-overlay\"><\/div>\n\t\t\t\t\t\t\t<div class=\"elementor-container elementor-column-gap-extended\">\n\t\t\t\t\t<div class=\"elementor-column elementor-col-100 elementor-top-column elementor-element elementor-element-6864171\" data-id=\"6864171\" data-element_type=\"column\">\n\t\t\t<div class=\"elementor-widget-wrap elementor-element-populated\">\n\t\t\t\t\t\t<div class=\"elementor-element elementor-element-2281b39 elementor-widget__width-initial elementor-widget-mobile__width-initial elementor-invisible elementor-widget elementor-widget-heading\" data-id=\"2281b39\" data-element_type=\"widget\" data-settings=\"{&quot;_animation&quot;:&quot;fadeInUp&quot;}\" data-widget_type=\"heading.default\">\n\t\t\t\t<div class=\"elementor-widget-container\">\n\t\t\t<h2 class=\"elementor-heading-title elementor-size-default\">Nasz podstawowy zakres us\u0142ug to:<\/h2>\t\t<\/div>\n\t\t\t\t<\/div>\n\t\t\t\t<div class=\"elementor-element elementor-element-da960a2 elementor-invisible elementor-widget elementor-widget-apus_element_features_box\" data-id=\"da960a2\" data-element_type=\"widget\" data-settings=\"{&quot;_animation&quot;:&quot;fadeInDown&quot;}\" data-widget_type=\"apus_element_features_box.default\">\n\t\t\t\t<div class=\"elementor-widget-container\">\n\t\t\t            <div class=\"widget-features-box  center style2\">\n\n                    <div class=\"row\">\n                                                        <div class=\"col-xs-12 col-sm-6 col-md-4 col-lg-4\">\n                                    <div class=\"item\">\n                                    \n                                    <div class=\"item-inner\">\n\n                                    <div class=\"features-box-image img\"><img decoding=\"async\" src=\"https:\/\/dan-bud.eu\/wp-content\/uploads\/elementor\/thumbs\/fundamenty-wykonanie-1-qfjppc5ne5tq9jfb46zee33xffxkxfdgmivyryfxew.png\" title=\"fundamenty wykonanie\" alt=\"fundamenty wykonanie\" loading=\"lazy\" \/><\/div><div class=\"features-box-content\"><h3 class=\"title\">Wykonanie fundament\u00f3w<\/h3><\/div>\n                                <\/div>\n\n                            <\/div>\n\n                            <\/div>\n                                                        <div class=\"col-xs-12 col-sm-6 col-md-4 col-lg-4\">\n                                    <div class=\"item\">\n                                    \n                                    <div class=\"item-inner\">\n\n                                    <div class=\"features-box-image img\"><img decoding=\"async\" src=\"https:\/\/dan-bud.eu\/wp-content\/uploads\/elementor\/thumbs\/murowanie-scian-qfjppe1brtwawrckt7snj2mum7obctkxas6xqid52g.png\" title=\"murowanie scian\" alt=\"murowanie scian\" loading=\"lazy\" \/><\/div><div class=\"features-box-content\"><h3 class=\"title\">Murowanie \u015bcian<\/h3><\/div>\n                                <\/div>\n\n                            <\/div>\n\n                            <\/div>\n                                                        <div class=\"col-xs-12 col-sm-6 col-md-4 col-lg-4\">\n                                    <div class=\"item\">\n                                    \n                                    <div class=\"item-inner\">\n\n                                    <div class=\"features-box-image img\"><img decoding=\"async\" src=\"https:\/\/dan-bud.eu\/wp-content\/uploads\/elementor\/thumbs\/strop--qfjppjocwu40uf4dwa8ey17m6iwin07bbk3um64s14.png\" title=\"strop\" alt=\"strop\" loading=\"lazy\" \/><\/div><div class=\"features-box-content\"><h3 class=\"title\">Budowa strop\u00f3w<\/h3><\/div>\n                                <\/div>\n\n                            <\/div>\n\n                            <\/div>\n                                                        <div class=\"col-xs-12 col-sm-6 col-md-4 col-lg-4\">\n                                    <div class=\"item\">\n                                    \n                                    <div class=\"item-inner\">\n\n                                    <div class=\"features-box-image img\"><img decoding=\"async\" src=\"https:\/\/dan-bud.eu\/wp-content\/uploads\/elementor\/thumbs\/dachy-qfjppuyfkfykyz7xhp6ql4wc41583e4p6l1y93w5go.png\" title=\"dachy\" alt=\"dachy\" loading=\"lazy\" \/><\/div><div class=\"features-box-content\"><h3 class=\"title\">Budowa dach\u00f3w<\/h3><\/div>\n                                <\/div>\n\n                            <\/div>\n\n                            <\/div>\n                                                        <div class=\"col-xs-12 col-sm-6 col-md-4 col-lg-4\">\n                                    <div class=\"item\">\n                                    \n                                    <div class=\"item-inner\">\n\n                                    <div class=\"features-box-image img\"><img decoding=\"async\" src=\"https:\/\/dan-bud.eu\/wp-content\/uploads\/elementor\/thumbs\/zbrojenie-1-qfjppr72oa5hnkzcoxx67rwz2b0xtra2o957a2m2ug.png\" title=\"zbrojenie\" alt=\"zbrojenie\" loading=\"lazy\" \/><\/div><div class=\"features-box-content\"><h3 class=\"title\">Zbrojenia<\/h3><\/div>\n                                <\/div>\n\n                            <\/div>\n\n                            <\/div>\n                                            <\/div>\n\n            <\/div>\n            \t\t<\/div>\n\t\t\t\t<\/div>\n\t\t\t\t\t<\/div>\n\t\t<\/div>\n\t\t\t\t\t<\/div>\n\t\t<\/section>\n\t\t\t\t<section class=\"elementor-section elementor-top-section elementor-element elementor-element-c09de46 elementor-section-stretched elementor-section-boxed elementor-section-height-default elementor-section-height-default\" data-id=\"c09de46\" data-element_type=\"section\" data-settings=\"{&quot;stretch_section&quot;:&quot;section-stretched&quot;,&quot;background_background&quot;:&quot;classic&quot;}\">\n\t\t\t\t\t\t<div class=\"elementor-container elementor-column-gap-extended\">\n\t\t\t\t\t<div class=\"elementor-column elementor-col-50 elementor-top-column elementor-element elementor-element-03c0d4d\" data-id=\"03c0d4d\" data-element_type=\"column\">\n\t\t\t<div class=\"elementor-widget-wrap elementor-element-populated\">\n\t\t\t\t\t\t<div class=\"elementor-element elementor-element-081d939 elementor-invisible elementor-widget elementor-widget-heading\" data-id=\"081d939\" data-element_type=\"widget\" data-settings=\"{&quot;_animation&quot;:&quot;fadeIn&quot;}\" data-widget_type=\"heading.default\">\n\t\t\t\t<div class=\"elementor-widget-container\">\n\t\t\t<h3 class=\"elementor-heading-title elementor-size-default\">Posiadamy w\u0142asny park maszynowo-sprz\u0119towy niezb\u0119dny w pracach budowlanych<\/h3>\t\t<\/div>\n\t\t\t\t<\/div>\n\t\t\t\t<div class=\"elementor-element elementor-element-77bde2f elementor-invisible elementor-widget elementor-widget-text-editor\" data-id=\"77bde2f\" data-element_type=\"widget\" data-settings=\"{&quot;_animation&quot;:&quot;fadeIn&quot;}\" data-widget_type=\"text-editor.default\">\n\t\t\t\t<div class=\"elementor-widget-container\">\n\t\t\t\t\t\t\t<p><strong>Posiadamy:<\/strong><\/p>\n<ul>\n<li style=\"list-style-type: none;\">\n<ol>\n<li style=\"list-style-type: none;\">\n<ul>\n<li>stemple metalowe z akcesoriami<\/li>\n<li>d\u017awigary stropowe<\/li>\n<li>p\u0142yty szalunkowe, stropowe, fundamentowe<\/li>\n<li>rusztowania<\/li>\n<li>zag\u0119szczarki<\/li>\n<li>agregaty pr\u0105dotw\u00f3rcze<\/li>\n<li>niwelatory<\/li>\n<li>pi\u0142y do pustak\u00f3w<\/li>\n<\/ul>\n<\/li>\n<\/ol>\n<\/li>\n<\/ul>\t\t\t\t\t\t<\/div>\n\t\t\t\t<\/div>\n\t\t\t\t<div class=\"elementor-element elementor-element-64926f4 elementor-align-center elementor-invisible elementor-widget elementor-widget-button\" data-id=\"64926f4\" data-element_type=\"widget\" data-settings=\"{&quot;_animation&quot;:&quot;fadeIn&quot;}\" data-widget_type=\"button.default\">\n\t\t\t\t<div class=\"elementor-widget-container\">\n\t\t\t\t\t<div class=\"elementor-button-wrapper\">\n\t\t\t<a class=\"elementor-button elementor-button-link elementor-size-sm\" href=\"https:\/\/dan-bud.eu\/index.php\/kontakt\/\">\n\t\t\t\t\t\t<span class=\"elementor-button-content-wrapper\">\n\t\t\t\t\t\t\t\t\t<span class=\"elementor-button-text\">Zapraszamy do kontaktu<\/span>\n\t\t\t\t\t<\/span>\n\t\t\t\t\t<\/a>\n\t\t<\/div>\n\t\t\t\t<\/div>\n\t\t\t\t<\/div>\n\t\t\t\t\t<\/div>\n\t\t<\/div>\n\t\t\t\t<div class=\"elementor-column elementor-col-50 elementor-top-column elementor-element elementor-element-13fb77d\" data-id=\"13fb77d\" data-element_type=\"column\">\n\t\t\t<div class=\"elementor-widget-wrap elementor-element-populated\">\n\t\t\t\t\t\t<div class=\"elementor-element elementor-element-0822ffd elementor-widget elementor-widget-apus_element_banner\" data-id=\"0822ffd\" data-element_type=\"widget\" data-widget_type=\"apus_element_banner.default\">\n\t\t\t\t<div class=\"elementor-widget-container\">\n\t\t\t        <div class=\"widget-banner  style1\">\n                            <div class=\"banner-image-bg\" style=\"background-image:url(https:\/\/dan-bud.eu\/wp-content\/uploads\/2023\/11\/rusztowania-rental-gdansk.jpg)\"><\/div>                   \n            \n            <div class=\"widget-banner-inner \">\n                                <div class=\"widget-banner-content\">\n                                    <\/div>\n                            <\/div>\n        <\/div>\n        \t\t<\/div>\n\t\t\t\t<\/div>\n\t\t\t\t\t<\/div>\n\t\t<\/div>\n\t\t\t\t\t<\/div>\n\t\t<\/section>\n\t\t\t\t<\/div>\n\t\t","protected":false},"excerpt":{"rendered":"<p>Us\u0142ugi og\u00f3lnobudowlane Nasza firma wykonuje us\u0142ugi budowlane w zakresie prac do stanu surowego otwartego. Na przestrzeni lat wykonali\u015bmy dziesi\u0105tki dom\u00f3w jednorodzinnych, letniskowych, pensjonat\u00f3w hoteli oraz budynk\u00f3w wielkopowierzchniowych&#8230; Zapraszamy do zapoznania si\u0119 z zak\u0142adk\u0105 realizacje. Realizacje Nasz podstawowy zakres us\u0142ug to: Wykonanie fundament\u00f3w Murowanie \u015bcian Budowa strop\u00f3w Budowa dach\u00f3w Zbrojenia Posiadamy w\u0142asny park maszynowo-sprz\u0119towy niezb\u0119dny w &hellip; <br \/><a href=\"https:\/\/dan-bud.eu\/index.php\/uslugi-budowlane\/\" class=\"more-link\">Continue reading <span class=\"screen-reader-text\">Us\u0142ugi og\u00f3lnobudowlane<\/span><\/a><\/p>\n","protected":false},"author":1,"featured_media":0,"parent":0,"menu_order":0,"comment_status":"closed","ping_status":"closed","template":"","meta":{"_monsterinsights_skip_tracking":false,"_monsterinsights_sitenote_active":false,"_monsterinsights_sitenote_note":"","_monsterinsights_sitenote_category":0,"footnotes":""},"aioseo_notices":[],"_links":{"self":[{"href":"https:\/\/dan-bud.eu\/index.php\/wp-json\/wp\/v2\/pages\/4221"}],"collection":[{"href":"https:\/\/dan-bud.eu\/index.php\/wp-json\/wp\/v2\/pages"}],"about":[{"href":"https:\/\/dan-bud.eu\/index.php\/wp-json\/wp\/v2\/types\/page"}],"author":[{"embeddable":true,"href":"https:\/\/dan-bud.eu\/index.php\/wp-json\/wp\/v2\/users\/1"}],"replies":[{"embeddable":true,"href":"https:\/\/dan-bud.eu\/index.php\/wp-json\/wp\/v2\/comments?post=4221"}],"version-history":[{"count":23,"href":"https:\/\/dan-bud.eu\/index.php\/wp-json\/wp\/v2\/pages\/4221\/revisions"}],"predecessor-version":[{"id":4538,"href":"https:\/\/dan-bud.eu\/index.php\/wp-json\/wp\/v2\/pages\/4221\/revisions\/4538"}],"wp:attachment":[{"href":"https:\/\/dan-bud.eu\/index.php\/wp-json\/wp\/v2\/media?parent=4221"}],"curies":[{"name":"wp","href":"https:\/\/api.w.org\/{rel}","templated":true}]}}