{"id":4293,"date":"2023-11-14T14:46:38","date_gmt":"2023-11-14T14:46:38","guid":{"rendered":"https:\/\/dan-bud.eu\/?page_id=4293"},"modified":"2023-11-17T17:55:41","modified_gmt":"2023-11-17T17:55:41","slug":"prace-ziemne","status":"publish","type":"page","link":"https:\/\/dan-bud.eu\/index.php\/prace-ziemne\/","title":{"rendered":"Prace ziemne"},"content":{"rendered":"\t\t<div data-elementor-type=\"wp-page\" data-elementor-id=\"4293\" class=\"elementor elementor-4293\">\n\t\t\t\t\t\t<section class=\"elementor-section elementor-top-section elementor-element elementor-element-d216bf8 elementor-section-stretched elementor-section-full_width elementor-section-height-min-height elementor-section-height-default elementor-section-items-middle\" data-id=\"d216bf8\" data-element_type=\"section\" data-settings=\"{&quot;stretch_section&quot;:&quot;section-stretched&quot;,&quot;background_background&quot;:&quot;classic&quot;}\">\n\t\t\t\t\t\t\t<div class=\"elementor-background-overlay\"><\/div>\n\t\t\t\t\t\t\t<div class=\"elementor-container elementor-column-gap-no\">\n\t\t\t\t\t<div class=\"elementor-column elementor-col-100 elementor-top-column elementor-element elementor-element-55a3eb84\" data-id=\"55a3eb84\" data-element_type=\"column\">\n\t\t\t<div class=\"elementor-widget-wrap\">\n\t\t\t\t\t\t\t<\/div>\n\t\t<\/div>\n\t\t\t\t\t<\/div>\n\t\t<\/section>\n\t\t\t\t<section class=\"elementor-section elementor-top-section elementor-element elementor-element-179cd933 elementor-section-stretched elementor-section-boxed elementor-section-height-default elementor-section-height-default\" data-id=\"179cd933\" data-element_type=\"section\" data-settings=\"{&quot;stretch_section&quot;:&quot;section-stretched&quot;,&quot;background_background&quot;:&quot;classic&quot;}\">\n\t\t\t\t\t\t<div class=\"elementor-container elementor-column-gap-extended\">\n\t\t\t\t\t<div class=\"elementor-column elementor-col-50 elementor-top-column elementor-element elementor-element-679f6dc9\" data-id=\"679f6dc9\" data-element_type=\"column\">\n\t\t\t<div class=\"elementor-widget-wrap elementor-element-populated\">\n\t\t\t\t\t\t<div class=\"elementor-element elementor-element-605e2ba4 elementor-widget elementor-widget-apus_element_banner\" data-id=\"605e2ba4\" data-element_type=\"widget\" data-widget_type=\"apus_element_banner.default\">\n\t\t\t\t<div class=\"elementor-widget-container\">\n\t\t\t        <div class=\"widget-banner  style1\">\n                            <div class=\"banner-image-bg\" style=\"background-image:url(https:\/\/dan-bud.eu\/wp-content\/uploads\/2023\/10\/dan-bud.eu-16.jpg)\"><\/div>                   \n            \n            <div class=\"widget-banner-inner \">\n                                <div class=\"widget-banner-content\">\n                                    <\/div>\n                            <\/div>\n        <\/div>\n        \t\t<\/div>\n\t\t\t\t<\/div>\n\t\t\t\t\t<\/div>\n\t\t<\/div>\n\t\t\t\t<div class=\"elementor-column elementor-col-50 elementor-top-column elementor-element elementor-element-2736ab77\" data-id=\"2736ab77\" data-element_type=\"column\">\n\t\t\t<div class=\"elementor-widget-wrap elementor-element-populated\">\n\t\t\t\t\t\t<div class=\"elementor-element elementor-element-2844d89 elementor-invisible elementor-widget elementor-widget-heading\" data-id=\"2844d89\" data-element_type=\"widget\" data-settings=\"{&quot;_animation&quot;:&quot;fadeIn&quot;}\" data-widget_type=\"heading.default\">\n\t\t\t\t<div class=\"elementor-widget-container\">\n\t\t\t<style>\/*! elementor - v3.23.0 - 15-07-2024 *\/\n.elementor-heading-title{padding:0;margin:0;line-height:1}.elementor-widget-heading .elementor-heading-title[class*=elementor-size-]>a{color:inherit;font-size:inherit;line-height:inherit}.elementor-widget-heading .elementor-heading-title.elementor-size-small{font-size:15px}.elementor-widget-heading .elementor-heading-title.elementor-size-medium{font-size:19px}.elementor-widget-heading .elementor-heading-title.elementor-size-large{font-size:29px}.elementor-widget-heading .elementor-heading-title.elementor-size-xl{font-size:39px}.elementor-widget-heading .elementor-heading-title.elementor-size-xxl{font-size:59px}<\/style><h3 class=\"elementor-heading-title elementor-size-default\">Prace ziemne<\/h3>\t\t<\/div>\n\t\t\t\t<\/div>\n\t\t\t\t<div class=\"elementor-element elementor-element-4efa1941 elementor-invisible elementor-widget elementor-widget-text-editor\" data-id=\"4efa1941\" data-element_type=\"widget\" data-settings=\"{&quot;_animation&quot;:&quot;fadeIn&quot;}\" data-widget_type=\"text-editor.default\">\n\t\t\t\t<div class=\"elementor-widget-container\">\n\t\t\t<style>\/*! elementor - v3.23.0 - 15-07-2024 *\/\n.elementor-widget-text-editor.elementor-drop-cap-view-stacked .elementor-drop-cap{background-color:#69727d;color:#fff}.elementor-widget-text-editor.elementor-drop-cap-view-framed .elementor-drop-cap{color:#69727d;border:3px solid;background-color:transparent}.elementor-widget-text-editor:not(.elementor-drop-cap-view-default) .elementor-drop-cap{margin-top:8px}.elementor-widget-text-editor:not(.elementor-drop-cap-view-default) .elementor-drop-cap-letter{width:1em;height:1em}.elementor-widget-text-editor .elementor-drop-cap{float:left;text-align:center;line-height:1;font-size:50px}.elementor-widget-text-editor .elementor-drop-cap-letter{display:inline-block}<\/style>\t\t\t\t<p>W solidny i sprawny spos\u00f3b realizujemy wszystkie powierzone nam zadania z zakresu <strong>prac ziemnych.<\/strong><\/p><p>Wykonujemy roboty takie jak: <strong>korytowanie, wykonywanie dr\u00f3g, niwelacja terenu, wykopy pod instalacje wodno-kanalizacyjne i elektryczne oraz pod fundamenty.<\/strong><\/p>\t\t\t\t\t\t<\/div>\n\t\t\t\t<\/div>\n\t\t\t\t\t<\/div>\n\t\t<\/div>\n\t\t\t\t\t<\/div>\n\t\t<\/section>\n\t\t\t\t<section class=\"elementor-section elementor-top-section elementor-element elementor-element-6ce756ac elementor-section-stretched elementor-section-boxed elementor-section-height-default elementor-section-height-default\" data-id=\"6ce756ac\" data-element_type=\"section\" data-settings=\"{&quot;stretch_section&quot;:&quot;section-stretched&quot;,&quot;background_background&quot;:&quot;classic&quot;}\">\n\t\t\t\t\t\t\t<div class=\"elementor-background-overlay\"><\/div>\n\t\t\t\t\t\t\t<div class=\"elementor-container elementor-column-gap-extended\">\n\t\t\t\t\t<div class=\"elementor-column elementor-col-100 elementor-top-column elementor-element elementor-element-7c9d2dbb\" data-id=\"7c9d2dbb\" data-element_type=\"column\">\n\t\t\t<div class=\"elementor-widget-wrap elementor-element-populated\">\n\t\t\t\t\t\t<div class=\"elementor-element elementor-element-535f900c elementor-invisible elementor-widget elementor-widget-heading\" data-id=\"535f900c\" data-element_type=\"widget\" data-settings=\"{&quot;_animation&quot;:&quot;fadeIn&quot;}\" data-widget_type=\"heading.default\">\n\t\t\t\t<div class=\"elementor-widget-container\">\n\t\t\t<h2 class=\"elementor-heading-title elementor-size-default\">Dysponujemy w\u0142asnym sprz\u0119tem do prac ziemnych<\/h2>\t\t<\/div>\n\t\t\t\t<\/div>\n\t\t\t\t<div class=\"elementor-element elementor-element-906805f elementor-invisible elementor-widget elementor-widget-apus_element_features_box\" data-id=\"906805f\" data-element_type=\"widget\" data-settings=\"{&quot;_animation&quot;:&quot;fadeInDown&quot;}\" data-widget_type=\"apus_element_features_box.default\">\n\t\t\t\t<div class=\"elementor-widget-container\">\n\t\t\t            <div class=\"widget-features-box  center style2\">\n\n                    <div class=\"row\">\n                                                        <div class=\"col-xs-12 col-sm-6 col-md-3 col-lg-3\">\n                                    <div class=\"item\">\n                                    \n                                    <div class=\"item-inner\">\n\n                                    <div class=\"features-box-image img\"><img fetchpriority=\"high\" decoding=\"async\" width=\"300\" height=\"225\" src=\"https:\/\/dan-bud.eu\/wp-content\/uploads\/2023\/10\/dan-bud.eu-9-300x225.jpg\" class=\"attachment-medium size-medium wp-image-4126\" alt=\"\" srcset=\"https:\/\/dan-bud.eu\/wp-content\/uploads\/2023\/10\/dan-bud.eu-9-300x225.jpg 300w, https:\/\/dan-bud.eu\/wp-content\/uploads\/2023\/10\/dan-bud.eu-9-600x450.jpg 600w, https:\/\/dan-bud.eu\/wp-content\/uploads\/2023\/10\/dan-bud.eu-9-1024x768.jpg 1024w, https:\/\/dan-bud.eu\/wp-content\/uploads\/2023\/10\/dan-bud.eu-9-768x576.jpg 768w, https:\/\/dan-bud.eu\/wp-content\/uploads\/2023\/10\/dan-bud.eu-9-460x345.jpg 460w, https:\/\/dan-bud.eu\/wp-content\/uploads\/2023\/10\/dan-bud.eu-9.jpg 1280w\" sizes=\"(max-width: 300px) 100vw, 300px\" \/><\/div><div class=\"features-box-content\"><h3 class=\"title\">Koparko-\u0142adowarki JCB 4CX<\/h3><div class=\"description\">Dost\u0119pne \u0142y\u017cki:<br> - 30 cm \/ 60 cm \/ 80 cm, <br> -skarp\u00f3wka 180 cm <\/div><\/div>\n                                <\/div>\n\n                            <\/div>\n\n                            <\/div>\n                                                        <div class=\"col-xs-12 col-sm-6 col-md-3 col-lg-3\">\n                                    <div class=\"item\">\n                                    \n                                    <div class=\"item-inner\">\n\n                                    <div class=\"features-box-image img\"><img decoding=\"async\" width=\"300\" height=\"225\" src=\"https:\/\/dan-bud.eu\/wp-content\/uploads\/2023\/10\/dan-bud.eu-6-300x225.jpg\" class=\"attachment-medium size-medium wp-image-4121\" alt=\"\" srcset=\"https:\/\/dan-bud.eu\/wp-content\/uploads\/2023\/10\/dan-bud.eu-6-300x225.jpg 300w, https:\/\/dan-bud.eu\/wp-content\/uploads\/2023\/10\/dan-bud.eu-6-600x450.jpg 600w, https:\/\/dan-bud.eu\/wp-content\/uploads\/2023\/10\/dan-bud.eu-6-1024x768.jpg 1024w, https:\/\/dan-bud.eu\/wp-content\/uploads\/2023\/10\/dan-bud.eu-6-768x576.jpg 768w, https:\/\/dan-bud.eu\/wp-content\/uploads\/2023\/10\/dan-bud.eu-6-460x345.jpg 460w, https:\/\/dan-bud.eu\/wp-content\/uploads\/2023\/10\/dan-bud.eu-6.jpg 1280w\" sizes=\"(max-width: 300px) 100vw, 300px\" \/><\/div><div class=\"features-box-content\"><h3 class=\"title\">\u0141adowarka Fadroma Liebherr z \u0142y\u017ck\u0105 i wag\u0105 <\/h3><\/div>\n                                <\/div>\n\n                            <\/div>\n\n                            <\/div>\n                                                        <div class=\"col-xs-12 col-sm-6 col-md-3 col-lg-3\">\n                                    <div class=\"item\">\n                                    \n                                    <div class=\"item-inner\">\n\n                                    <div class=\"features-box-image img\"><img decoding=\"async\" width=\"300\" height=\"225\" src=\"https:\/\/dan-bud.eu\/wp-content\/uploads\/2023\/10\/dan-bud.eu-15-300x225.jpg\" class=\"attachment-medium size-medium wp-image-4133\" alt=\"\" srcset=\"https:\/\/dan-bud.eu\/wp-content\/uploads\/2023\/10\/dan-bud.eu-15-300x225.jpg 300w, https:\/\/dan-bud.eu\/wp-content\/uploads\/2023\/10\/dan-bud.eu-15-600x450.jpg 600w, https:\/\/dan-bud.eu\/wp-content\/uploads\/2023\/10\/dan-bud.eu-15-1024x768.jpg 1024w, https:\/\/dan-bud.eu\/wp-content\/uploads\/2023\/10\/dan-bud.eu-15-768x576.jpg 768w, https:\/\/dan-bud.eu\/wp-content\/uploads\/2023\/10\/dan-bud.eu-15-460x345.jpg 460w, https:\/\/dan-bud.eu\/wp-content\/uploads\/2023\/10\/dan-bud.eu-15.jpg 1280w\" sizes=\"(max-width: 300px) 100vw, 300px\" \/><\/div><div class=\"features-box-content\"><h3 class=\"title\">Koparka obrotowa Liebherr 914<\/h3><div class=\"description\">Dost\u0119pne \u0142y\u017cki :<p>- 130 cm,<BR>- skarp\u00f3wka 180 cm<\/div><\/div>\n                                <\/div>\n\n                            <\/div>\n\n                            <\/div>\n                                                        <div class=\"col-xs-12 col-sm-6 col-md-3 col-lg-3\">\n                                    <div class=\"item\">\n                                    \n                                    <div class=\"item-inner\">\n\n                                    <div class=\"features-box-image img\"><img loading=\"lazy\" decoding=\"async\" width=\"300\" height=\"225\" src=\"https:\/\/dan-bud.eu\/wp-content\/uploads\/2023\/10\/dan-bud.eu-16-300x225.jpg\" class=\"attachment-medium size-medium wp-image-4134\" alt=\"\" srcset=\"https:\/\/dan-bud.eu\/wp-content\/uploads\/2023\/10\/dan-bud.eu-16-300x225.jpg 300w, https:\/\/dan-bud.eu\/wp-content\/uploads\/2023\/10\/dan-bud.eu-16-600x450.jpg 600w, https:\/\/dan-bud.eu\/wp-content\/uploads\/2023\/10\/dan-bud.eu-16-1024x768.jpg 1024w, https:\/\/dan-bud.eu\/wp-content\/uploads\/2023\/10\/dan-bud.eu-16-768x576.jpg 768w, https:\/\/dan-bud.eu\/wp-content\/uploads\/2023\/10\/dan-bud.eu-16-460x345.jpg 460w, https:\/\/dan-bud.eu\/wp-content\/uploads\/2023\/10\/dan-bud.eu-16.jpg 1280w\" sizes=\"(max-width: 300px) 100vw, 300px\" \/><\/div><div class=\"features-box-content\"><h3 class=\"title\">Koparka g\u0105sienicowa JCB<\/h3><div class=\"description\">Dost\u0119pne \u0142y\u017cki :<p>- 140 cm,<BR>- skarp\u00f3wka 220 cm<\/div><\/div>\n                                <\/div>\n\n                            <\/div>\n\n                            <\/div>\n                                            <\/div>\n\n            <\/div>\n            \t\t<\/div>\n\t\t\t\t<\/div>\n\t\t\t\t\t<\/div>\n\t\t<\/div>\n\t\t\t\t\t<\/div>\n\t\t<\/section>\n\t\t\t\t<section class=\"elementor-section elementor-top-section elementor-element elementor-element-6224d026 elementor-section-stretched elementor-section-boxed elementor-section-height-default elementor-section-height-default\" data-id=\"6224d026\" data-element_type=\"section\" data-settings=\"{&quot;stretch_section&quot;:&quot;section-stretched&quot;,&quot;background_background&quot;:&quot;classic&quot;}\">\n\t\t\t\t\t\t<div class=\"elementor-container elementor-column-gap-extended\">\n\t\t\t\t\t<div class=\"elementor-column elementor-col-50 elementor-top-column elementor-element elementor-element-39745a4d\" data-id=\"39745a4d\" data-element_type=\"column\">\n\t\t\t<div class=\"elementor-widget-wrap elementor-element-populated\">\n\t\t\t\t\t\t<div class=\"elementor-element elementor-element-7e1378d6 elementor-invisible elementor-widget elementor-widget-heading\" data-id=\"7e1378d6\" data-element_type=\"widget\" data-settings=\"{&quot;_animation&quot;:&quot;fadeIn&quot;}\" data-widget_type=\"heading.default\">\n\t\t\t\t<div class=\"elementor-widget-container\">\n\t\t\t<h3 class=\"elementor-heading-title elementor-size-default\">Zapraszamy do wsp\u00f3\u0142pracy!<\/h3>\t\t<\/div>\n\t\t\t\t<\/div>\n\t\t\t\t<div class=\"elementor-element elementor-element-c60385c elementor-invisible elementor-widget elementor-widget-text-editor\" data-id=\"c60385c\" data-element_type=\"widget\" data-settings=\"{&quot;_animation&quot;:&quot;fadeIn&quot;}\" data-widget_type=\"text-editor.default\">\n\t\t\t\t<div class=\"elementor-widget-container\">\n\t\t\t\t\t\t\t<p style=\"text-align: center;\">Gwarantujemy wywa\u017cony stosunek jako\u015bci do ceny!<\/p>\t\t\t\t\t\t<\/div>\n\t\t\t\t<\/div>\n\t\t\t\t<div class=\"elementor-element elementor-element-3d82684e elementor-align-center elementor-widget elementor-widget-button\" data-id=\"3d82684e\" data-element_type=\"widget\" data-widget_type=\"button.default\">\n\t\t\t\t<div class=\"elementor-widget-container\">\n\t\t\t\t\t<div class=\"elementor-button-wrapper\">\n\t\t\t<a class=\"elementor-button elementor-button-link elementor-size-sm\" href=\"https:\/\/dan-bud.eu\/index.php\/kontakt\/\">\n\t\t\t\t\t\t<span class=\"elementor-button-content-wrapper\">\n\t\t\t\t\t\t\t\t\t<span class=\"elementor-button-text\">Kontakt<\/span>\n\t\t\t\t\t<\/span>\n\t\t\t\t\t<\/a>\n\t\t<\/div>\n\t\t\t\t<\/div>\n\t\t\t\t<\/div>\n\t\t\t\t\t<\/div>\n\t\t<\/div>\n\t\t\t\t<div class=\"elementor-column elementor-col-50 elementor-top-column elementor-element elementor-element-2a957b31\" data-id=\"2a957b31\" data-element_type=\"column\">\n\t\t\t<div class=\"elementor-widget-wrap elementor-element-populated\">\n\t\t\t\t\t\t<div class=\"elementor-element elementor-element-d8a1f46 elementor-widget elementor-widget-apus_element_banner\" data-id=\"d8a1f46\" data-element_type=\"widget\" data-widget_type=\"apus_element_banner.default\">\n\t\t\t\t<div class=\"elementor-widget-container\">\n\t\t\t        <div class=\"widget-banner  style1\">\n                            <div class=\"banner-image-bg\" style=\"background-image:url(https:\/\/dan-bud.eu\/wp-content\/uploads\/2023\/11\/DJI_0690.jpg)\"><\/div>                   \n            \n            <div class=\"widget-banner-inner \">\n                                <div class=\"widget-banner-content\">\n                                    <\/div>\n                            <\/div>\n        <\/div>\n        \t\t<\/div>\n\t\t\t\t<\/div>\n\t\t\t\t\t<\/div>\n\t\t<\/div>\n\t\t\t\t\t<\/div>\n\t\t<\/section>\n\t\t\t\t<\/div>\n\t\t","protected":false},"excerpt":{"rendered":"<p>Prace ziemne W solidny i sprawny spos\u00f3b realizujemy wszystkie powierzone nam zadania z zakresu prac ziemnych. Wykonujemy roboty takie jak: korytowanie, wykonywanie dr\u00f3g, niwelacja terenu, wykopy pod instalacje wodno-kanalizacyjne i elektryczne oraz pod fundamenty. Dysponujemy w\u0142asnym sprz\u0119tem do prac ziemnych Koparko-\u0142adowarki JCB 4CX Dost\u0119pne \u0142y\u017cki: &#8211; 30 cm \/ 60 cm \/ 80 cm, -skarp\u00f3wka &hellip; <br \/><a href=\"https:\/\/dan-bud.eu\/index.php\/prace-ziemne\/\" class=\"more-link\">Continue reading <span class=\"screen-reader-text\">Prace ziemne<\/span><\/a><\/p>\n","protected":false},"author":1,"featured_media":0,"parent":0,"menu_order":0,"comment_status":"closed","ping_status":"closed","template":"","meta":{"_monsterinsights_skip_tracking":false,"_monsterinsights_sitenote_active":false,"_monsterinsights_sitenote_note":"","_monsterinsights_sitenote_category":0,"footnotes":""},"aioseo_notices":[],"_links":{"self":[{"href":"https:\/\/dan-bud.eu\/index.php\/wp-json\/wp\/v2\/pages\/4293"}],"collection":[{"href":"https:\/\/dan-bud.eu\/index.php\/wp-json\/wp\/v2\/pages"}],"about":[{"href":"https:\/\/dan-bud.eu\/index.php\/wp-json\/wp\/v2\/types\/page"}],"author":[{"embeddable":true,"href":"https:\/\/dan-bud.eu\/index.php\/wp-json\/wp\/v2\/users\/1"}],"replies":[{"embeddable":true,"href":"https:\/\/dan-bud.eu\/index.php\/wp-json\/wp\/v2\/comments?post=4293"}],"version-history":[{"count":20,"href":"https:\/\/dan-bud.eu\/index.php\/wp-json\/wp\/v2\/pages\/4293\/revisions"}],"predecessor-version":[{"id":4534,"href":"https:\/\/dan-bud.eu\/index.php\/wp-json\/wp\/v2\/pages\/4293\/revisions\/4534"}],"wp:attachment":[{"href":"https:\/\/dan-bud.eu\/index.php\/wp-json\/wp\/v2\/media?parent=4293"}],"curies":[{"name":"wp","href":"https:\/\/api.w.org\/{rel}","templated":true}]}}