{"id":4339,"date":"2023-11-14T15:41:23","date_gmt":"2023-11-14T15:41:23","guid":{"rendered":"https:\/\/dan-bud.eu\/?page_id=4339"},"modified":"2023-11-17T17:55:05","modified_gmt":"2023-11-17T17:55:05","slug":"o-nas","status":"publish","type":"page","link":"https:\/\/dan-bud.eu\/index.php\/o-nas\/","title":{"rendered":"O Nas"},"content":{"rendered":"\t\t<div data-elementor-type=\"wp-page\" data-elementor-id=\"4339\" class=\"elementor elementor-4339\">\n\t\t\t\t\t\t<section class=\"elementor-section elementor-top-section elementor-element elementor-element-62f5dbec elementor-section-stretched elementor-section-full_width elementor-section-height-min-height elementor-section-height-default elementor-section-items-middle\" data-id=\"62f5dbec\" data-element_type=\"section\" data-settings=\"{&quot;stretch_section&quot;:&quot;section-stretched&quot;,&quot;background_background&quot;:&quot;classic&quot;}\">\n\t\t\t\t\t\t\t<div class=\"elementor-background-overlay\"><\/div>\n\t\t\t\t\t\t\t<div class=\"elementor-container elementor-column-gap-no\">\n\t\t\t\t\t<div class=\"elementor-column elementor-col-100 elementor-top-column elementor-element elementor-element-460c9ff0\" data-id=\"460c9ff0\" data-element_type=\"column\">\n\t\t\t<div class=\"elementor-widget-wrap\">\n\t\t\t\t\t\t\t<\/div>\n\t\t<\/div>\n\t\t\t\t\t<\/div>\n\t\t<\/section>\n\t\t\t\t<section class=\"elementor-section elementor-top-section elementor-element elementor-element-5d9fcaf2 elementor-section-stretched elementor-section-boxed elementor-section-height-default elementor-section-height-default\" data-id=\"5d9fcaf2\" data-element_type=\"section\" data-settings=\"{&quot;stretch_section&quot;:&quot;section-stretched&quot;,&quot;background_background&quot;:&quot;classic&quot;}\">\n\t\t\t\t\t\t<div class=\"elementor-container elementor-column-gap-extended\">\n\t\t\t\t\t<div class=\"elementor-column elementor-col-50 elementor-top-column elementor-element elementor-element-663bb82a\" data-id=\"663bb82a\" data-element_type=\"column\">\n\t\t\t<div class=\"elementor-widget-wrap elementor-element-populated\">\n\t\t\t\t\t\t<div class=\"elementor-element elementor-element-70aa2cf8 elementor-invisible elementor-widget elementor-widget-apus_element_banner\" data-id=\"70aa2cf8\" data-element_type=\"widget\" data-settings=\"{&quot;_animation&quot;:&quot;fadeInLeft&quot;}\" data-widget_type=\"apus_element_banner.default\">\n\t\t\t\t<div class=\"elementor-widget-container\">\n\t\t\t        <div class=\"widget-banner  style1\">\n                            <div class=\"banner-image-bg\" style=\"background-image:url(https:\/\/dan-bud.eu\/wp-content\/uploads\/2023\/11\/DJI_0690.jpg)\"><\/div>                   \n            \n            <div class=\"widget-banner-inner \">\n                                <div class=\"widget-banner-content\">\n                                    <\/div>\n                            <\/div>\n        <\/div>\n        \t\t<\/div>\n\t\t\t\t<\/div>\n\t\t\t\t\t<\/div>\n\t\t<\/div>\n\t\t\t\t<div class=\"elementor-column elementor-col-50 elementor-top-column elementor-element elementor-element-7a89fdba\" data-id=\"7a89fdba\" data-element_type=\"column\">\n\t\t\t<div class=\"elementor-widget-wrap elementor-element-populated\">\n\t\t\t\t\t\t<div class=\"elementor-element elementor-element-6cc59f29 elementor-invisible elementor-widget elementor-widget-heading\" data-id=\"6cc59f29\" data-element_type=\"widget\" data-settings=\"{&quot;_animation&quot;:&quot;fadeInRight&quot;}\" data-widget_type=\"heading.default\">\n\t\t\t\t<div class=\"elementor-widget-container\">\n\t\t\t<style>\/*! elementor - v3.23.0 - 15-07-2024 *\/\n.elementor-heading-title{padding:0;margin:0;line-height:1}.elementor-widget-heading .elementor-heading-title[class*=elementor-size-]>a{color:inherit;font-size:inherit;line-height:inherit}.elementor-widget-heading .elementor-heading-title.elementor-size-small{font-size:15px}.elementor-widget-heading .elementor-heading-title.elementor-size-medium{font-size:19px}.elementor-widget-heading .elementor-heading-title.elementor-size-large{font-size:29px}.elementor-widget-heading .elementor-heading-title.elementor-size-xl{font-size:39px}.elementor-widget-heading .elementor-heading-title.elementor-size-xxl{font-size:59px}<\/style><h3 class=\"elementor-heading-title elementor-size-default\">DanBud<\/h3>\t\t<\/div>\n\t\t\t\t<\/div>\n\t\t\t\t<div class=\"elementor-element elementor-element-3779d941 elementor-invisible elementor-widget elementor-widget-text-editor\" data-id=\"3779d941\" data-element_type=\"widget\" data-settings=\"{&quot;_animation&quot;:&quot;fadeInDown&quot;}\" data-widget_type=\"text-editor.default\">\n\t\t\t\t<div class=\"elementor-widget-container\">\n\t\t\t<style>\/*! elementor - v3.23.0 - 15-07-2024 *\/\n.elementor-widget-text-editor.elementor-drop-cap-view-stacked .elementor-drop-cap{background-color:#69727d;color:#fff}.elementor-widget-text-editor.elementor-drop-cap-view-framed .elementor-drop-cap{color:#69727d;border:3px solid;background-color:transparent}.elementor-widget-text-editor:not(.elementor-drop-cap-view-default) .elementor-drop-cap{margin-top:8px}.elementor-widget-text-editor:not(.elementor-drop-cap-view-default) .elementor-drop-cap-letter{width:1em;height:1em}.elementor-widget-text-editor .elementor-drop-cap{float:left;text-align:center;line-height:1;font-size:50px}.elementor-widget-text-editor .elementor-drop-cap-letter{display:inline-block}<\/style>\t\t\t\t<p>Zainspirowani dynamik\u0105 rozwijaj\u0105cego si\u0119 rynku oraz potrzeb\u0105 wysokiej jako\u015bci us\u0142ug, zdecydowali\u015bmy si\u0119 w 2003 roku na rozpocz\u0119cie przedsi\u0119wzi\u0119cia, kt\u00f3re mia\u0142o sprosta\u0107 rosn\u0105cym oczekiwaniom klient\u00f3w.<\/p><p>Pocz\u0105tki by\u0142y skromne, a zesp\u00f3\u0142 firmy skupia\u0142 si\u0119 na budowie solidnych fundament\u00f3w biznesu. Z up\u0142ywem czasu firma zyskiwa\u0142a zaufanie klient\u00f3w dzi\u0119ki profesjonalizmowi, terminowo\u015bci i staranno\u015bci w realizacji projekt\u00f3w. Dynamiczny rozw\u00f3j rynku budowlanego w tamtym okresie stwarza\u0142 liczne mo\u017cliwo\u015bci rozwoju, a firma konsekwentnie pod\u0105\u017ca\u0142a \u015bcie\u017ck\u0105 sukcesu.<\/p>\t\t\t\t\t\t<\/div>\n\t\t\t\t<\/div>\n\t\t\t\t\t<\/div>\n\t\t<\/div>\n\t\t\t\t\t<\/div>\n\t\t<\/section>\n\t\t\t\t<section class=\"elementor-section elementor-top-section elementor-element elementor-element-73efb241 elementor-section-stretched elementor-section-boxed elementor-section-height-default elementor-section-height-default\" data-id=\"73efb241\" data-element_type=\"section\" data-settings=\"{&quot;stretch_section&quot;:&quot;section-stretched&quot;,&quot;background_background&quot;:&quot;classic&quot;}\">\n\t\t\t\t\t\t\t<div class=\"elementor-background-overlay\"><\/div>\n\t\t\t\t\t\t\t<div class=\"elementor-container elementor-column-gap-extended\">\n\t\t\t\t\t<div class=\"elementor-column elementor-col-100 elementor-top-column elementor-element elementor-element-2b203d4f\" data-id=\"2b203d4f\" data-element_type=\"column\">\n\t\t\t<div class=\"elementor-widget-wrap elementor-element-populated\">\n\t\t\t\t\t\t<div class=\"elementor-element elementor-element-7cdcbdb4 elementor-invisible elementor-widget elementor-widget-text-editor\" data-id=\"7cdcbdb4\" data-element_type=\"widget\" data-settings=\"{&quot;_animation&quot;:&quot;fadeIn&quot;}\" data-widget_type=\"text-editor.default\">\n\t\t\t\t<div class=\"elementor-widget-container\">\n\t\t\t\t\t\t\t<p>W ci\u0105gu pierwszych lat istnienia firma skoncentrowa\u0142a si\u0119 na r\u00f3\u017cnorodnych projektach budowlanych, od ma\u0142ych inwestycji mieszkalnych po wi\u0119ksze obiekty komercyjne. Dba\u0142o\u015b\u0107 o wysok\u0105 jako\u015b\u0107 wykonywanych prac przyczyni\u0142a si\u0119 do zdobycia uznania w\u015br\u00f3d klient\u00f3w i zdobycia renomy solidnego partnera w bran\u017cy.<\/p><p>Dzisiaj, po wielu latach dzia\u0142alno\u015bci, firma budowlana, kt\u00f3ra swoj\u0105 dzia\u0142alno\u015b\u0107 rozpocz\u0119\u0142a w 2003 roku, nadal utrzymuje warto\u015bci, kt\u00f3re le\u017ca\u0142y u podstaw jej powstania. Poszerzy\u0142a zakres us\u0142ug, wprowadzi\u0142a innowacyjne rozwi\u0105zania technologiczne, a tak\u017ce zbudowa\u0142a zgran\u0105 ekip\u0119 specjalist\u00f3w. Historia firmy to historia sukcesu, nieustannego rozwoju i satysfakcji z realizacji ambitnych projekt\u00f3w budowlanych.&#8221;<\/p><p>Obecnie, po kilkunastu latach od momentu za\u0142o\u017cenia, firma budowlana utrzymuje si\u0119 na rynku jako solidny gracz zatrudniaj\u0105cy 10 do\u015bwiadczonych specjalist\u00f3w. Dynamika rozwoju przedsi\u0119biorstwa widoczna jest nie tylko w zespo\u0142owym do\u015bwiadczeniu, ale r\u00f3wnie\u017c w posiadanej infrastrukturze.<\/p><p>Firma inwestuje w rozw\u00f3j swojej floty pojazd\u00f3w, obejmuj\u0105cej samochody transportowe, kt\u00f3re pozwalaj\u0105 efektywnie obs\u0142ugiwa\u0107 r\u00f3\u017cnorodne projekty budowlane. Ponadto, firma mo\u017ce poszczyci\u0107 si\u0119 r\u00f3\u017cnorodnym parkiem maszynowym, w sk\u0142ad kt\u00f3rego wchodz\u0105 r\u00f3\u017cnego rodzaju koparki, sprz\u0119t budowlany oraz niezb\u0119dne akcesoria. To umo\u017cliwia elastyczne dostosowanie si\u0119 do specyfiki projekt\u00f3w oraz sprawn\u0105 realizacj\u0119 zr\u00f3\u017cnicowanych zlece\u0144.<\/p><p>Wprowadzenie nowoczesnych rozwi\u0105za\u0144 technologicznych sprawia, \u017ce firma jest gotowa sprosta\u0107 nawet najbardziej wymagaj\u0105cym wyzwaniom bran\u017cowym. Dzia\u0142aj\u0105c z pasj\u0105 i zaanga\u017cowaniem, firma budowlana kontynuuje tradycj\u0119 solidno\u015bci, oferuj\u0105c kompleksowe us\u0142ugi budowlane, kt\u00f3re spe\u0142niaj\u0105 oczekiwania klient\u00f3w na ka\u017cdym etapie realizacji projektu.&#8221; <\/p><p>Posiadany przez nas sprz\u0119t r\u00f3wnie\u017c podajemy rentalowi.<\/p>\t\t\t\t\t\t<\/div>\n\t\t\t\t<\/div>\n\t\t\t\t\t<\/div>\n\t\t<\/div>\n\t\t\t\t\t<\/div>\n\t\t<\/section>\n\t\t\t\t<section class=\"elementor-section elementor-top-section elementor-element elementor-element-459faa8 elementor-section-stretched elementor-section-boxed elementor-section-height-default elementor-section-height-default\" data-id=\"459faa8\" data-element_type=\"section\" data-settings=\"{&quot;stretch_section&quot;:&quot;section-stretched&quot;,&quot;background_background&quot;:&quot;classic&quot;}\">\n\t\t\t\t\t\t<div class=\"elementor-container elementor-column-gap-extended\">\n\t\t\t\t\t<div class=\"elementor-column elementor-col-50 elementor-top-column elementor-element elementor-element-6b7f3128\" data-id=\"6b7f3128\" data-element_type=\"column\">\n\t\t\t<div class=\"elementor-widget-wrap elementor-element-populated\">\n\t\t\t\t\t\t<div class=\"elementor-element elementor-element-1c02dd39 elementor-invisible elementor-widget elementor-widget-heading\" data-id=\"1c02dd39\" data-element_type=\"widget\" data-settings=\"{&quot;_animation&quot;:&quot;fadeInLeft&quot;}\" data-widget_type=\"heading.default\">\n\t\t\t\t<div class=\"elementor-widget-container\">\n\t\t\t<h3 class=\"elementor-heading-title elementor-size-default\">Nasza inwestycja!<\/h3>\t\t<\/div>\n\t\t\t\t<\/div>\n\t\t\t\t<div class=\"elementor-element elementor-element-fc6e24f elementor-invisible elementor-widget elementor-widget-image\" data-id=\"fc6e24f\" data-element_type=\"widget\" data-settings=\"{&quot;_animation&quot;:&quot;fadeInLeft&quot;}\" data-widget_type=\"image.default\">\n\t\t\t\t<div class=\"elementor-widget-container\">\n\t\t\t<style>\/*! elementor - v3.23.0 - 15-07-2024 *\/\n.elementor-widget-image{text-align:center}.elementor-widget-image a{display:inline-block}.elementor-widget-image a img[src$=\".svg\"]{width:48px}.elementor-widget-image img{vertical-align:middle;display:inline-block}<\/style>\t\t\t\t\t\t\t\t\t\t<img fetchpriority=\"high\" decoding=\"async\" width=\"400\" height=\"152\" src=\"https:\/\/dan-bud.eu\/wp-content\/uploads\/2023\/11\/hygge-png.png\" class=\"attachment-large size-large wp-image-4342\" alt=\"\" srcset=\"https:\/\/dan-bud.eu\/wp-content\/uploads\/2023\/11\/hygge-png.png 400w, https:\/\/dan-bud.eu\/wp-content\/uploads\/2023\/11\/hygge-png-300x114.png 300w\" sizes=\"(max-width: 400px) 100vw, 400px\" \/>\t\t\t\t\t\t\t\t\t\t\t\t\t<\/div>\n\t\t\t\t<\/div>\n\t\t\t\t<div class=\"elementor-element elementor-element-b8cc6ad elementor-widget__width-initial elementor-invisible elementor-widget elementor-widget-text-editor\" data-id=\"b8cc6ad\" data-element_type=\"widget\" data-settings=\"{&quot;_animation&quot;:&quot;fadeInDown&quot;}\" data-widget_type=\"text-editor.default\">\n\t\t\t\t<div class=\"elementor-widget-container\">\n\t\t\t\t\t\t\t<p><strong>DanBud<\/strong>, posiadaj\u0105c wieloletnie do\u015bwiadczenie, z sukcesem rozszerzy\u0142a swoj\u0105 dzia\u0142alno\u015b\u0107 o sektor turystyczny. Obecnie dumnie prezentujemy w\u0142asn\u0105 inwestycj\u0119 turystyczn\u0105, kt\u00f3ra stanowi kwintesencj\u0119 naszej pasji do tworzenia nie tylko solidnych budowli, lecz tak\u017ce wyj\u0105tkowych miejsc wypoczynku.&nbsp;<\/p><p>Nasza inwestycja oferuje go\u015bciom niezapomniane do\u015bwiadczenia w otoczeniu przyrody, komfortowych udogodnie\u0144 oraz unikalnego designu architektonicznego. Jako\u015b\u0107 obs\u0142ugi i dba\u0142o\u015b\u0107 o detale stanowi\u0105 nasz\u0105 wizyt\u00f3wk\u0119, zapewniaj\u0105c naszym go\u015bciom niepowtarzalny pobyt. Nasza inwestycja turystyczna to dla nas wyj\u0105tkowy etap rozwoju, w kt\u00f3rym kontynuujemy nasz\u0105 misj\u0119 tworzenia miejsc, gdzie komfort spotyka si\u0119 z pi\u0119knem otaczaj\u0105cego \u015bwiata.&#8221;<\/p>\t\t\t\t\t\t<\/div>\n\t\t\t\t<\/div>\n\t\t\t\t\t<\/div>\n\t\t<\/div>\n\t\t\t\t<div class=\"elementor-column elementor-col-50 elementor-top-column elementor-element elementor-element-4f5306a\" data-id=\"4f5306a\" data-element_type=\"column\">\n\t\t\t<div class=\"elementor-widget-wrap elementor-element-populated\">\n\t\t\t\t\t\t<div class=\"elementor-element elementor-element-717f1451 elementor-invisible elementor-widget elementor-widget-apus_element_banner\" data-id=\"717f1451\" data-element_type=\"widget\" data-settings=\"{&quot;_animation&quot;:&quot;fadeInDown&quot;}\" data-widget_type=\"apus_element_banner.default\">\n\t\t\t\t<div class=\"elementor-widget-container\">\n\t\t\t        <div class=\"widget-banner  style1\">\n                            <div class=\"banner-image-bg\" style=\"background-image:url(https:\/\/dan-bud.eu\/wp-content\/uploads\/2023\/11\/20180604-DJI_0635-2.jpg)\"><\/div>                   \n            \n            <div class=\"widget-banner-inner \">\n                                <div class=\"widget-banner-content\">\n                                    <\/div>\n                            <\/div>\n        <\/div>\n        \t\t<\/div>\n\t\t\t\t<\/div>\n\t\t\t\t<div class=\"elementor-element elementor-element-789f2d50 elementor-align-center elementor-invisible elementor-widget elementor-widget-button\" data-id=\"789f2d50\" data-element_type=\"widget\" data-settings=\"{&quot;_animation&quot;:&quot;fadeInDown&quot;}\" data-widget_type=\"button.default\">\n\t\t\t\t<div class=\"elementor-widget-container\">\n\t\t\t\t\t<div class=\"elementor-button-wrapper\">\n\t\t\t<a class=\"elementor-button elementor-button-link elementor-size-sm\" href=\"http:\/\/www.hygge-nadmorzem.pl\" target=\"_blank\">\n\t\t\t\t\t\t<span class=\"elementor-button-content-wrapper\">\n\t\t\t\t\t\t\t\t\t<span class=\"elementor-button-text\">Zobacz hygge Apartamenty<\/span>\n\t\t\t\t\t<\/span>\n\t\t\t\t\t<\/a>\n\t\t<\/div>\n\t\t\t\t<\/div>\n\t\t\t\t<\/div>\n\t\t\t\t\t<\/div>\n\t\t<\/div>\n\t\t\t\t\t<\/div>\n\t\t<\/section>\n\t\t\t\t<\/div>\n\t\t","protected":false},"excerpt":{"rendered":"<p>DanBud Zainspirowani dynamik\u0105 rozwijaj\u0105cego si\u0119 rynku oraz potrzeb\u0105 wysokiej jako\u015bci us\u0142ug, zdecydowali\u015bmy si\u0119 w 2003 roku na rozpocz\u0119cie przedsi\u0119wzi\u0119cia, kt\u00f3re mia\u0142o sprosta\u0107 rosn\u0105cym oczekiwaniom klient\u00f3w. Pocz\u0105tki by\u0142y skromne, a zesp\u00f3\u0142 firmy skupia\u0142 si\u0119 na budowie solidnych fundament\u00f3w biznesu. Z up\u0142ywem czasu firma zyskiwa\u0142a zaufanie klient\u00f3w dzi\u0119ki profesjonalizmowi, terminowo\u015bci i staranno\u015bci w realizacji projekt\u00f3w. Dynamiczny rozw\u00f3j &hellip; <br \/><a href=\"https:\/\/dan-bud.eu\/index.php\/o-nas\/\" class=\"more-link\">Continue reading <span class=\"screen-reader-text\">O Nas<\/span><\/a><\/p>\n","protected":false},"author":1,"featured_media":0,"parent":0,"menu_order":0,"comment_status":"closed","ping_status":"closed","template":"","meta":{"_monsterinsights_skip_tracking":false,"_monsterinsights_sitenote_active":false,"_monsterinsights_sitenote_note":"","_monsterinsights_sitenote_category":0,"footnotes":""},"aioseo_notices":[],"_links":{"self":[{"href":"https:\/\/dan-bud.eu\/index.php\/wp-json\/wp\/v2\/pages\/4339"}],"collection":[{"href":"https:\/\/dan-bud.eu\/index.php\/wp-json\/wp\/v2\/pages"}],"about":[{"href":"https:\/\/dan-bud.eu\/index.php\/wp-json\/wp\/v2\/types\/page"}],"author":[{"embeddable":true,"href":"https:\/\/dan-bud.eu\/index.php\/wp-json\/wp\/v2\/users\/1"}],"replies":[{"embeddable":true,"href":"https:\/\/dan-bud.eu\/index.php\/wp-json\/wp\/v2\/comments?post=4339"}],"version-history":[{"count":14,"href":"https:\/\/dan-bud.eu\/index.php\/wp-json\/wp\/v2\/pages\/4339\/revisions"}],"predecessor-version":[{"id":4533,"href":"https:\/\/dan-bud.eu\/index.php\/wp-json\/wp\/v2\/pages\/4339\/revisions\/4533"}],"wp:attachment":[{"href":"https:\/\/dan-bud.eu\/index.php\/wp-json\/wp\/v2\/media?parent=4339"}],"curies":[{"name":"wp","href":"https:\/\/api.w.org\/{rel}","templated":true}]}}